{"id":1320,"date":"2021-11-21T15:14:41","date_gmt":"2021-11-21T15:14:41","guid":{"rendered":"https:\/\/danalytic.com\/home\/services\/"},"modified":"2024-01-02T03:37:03","modified_gmt":"2024-01-02T03:37:03","slug":"services","status":"publish","type":"page","link":"https:\/\/danalytic.com\/home\/services\/","title":{"rendered":"Servicios"},"content":{"rendered":"\t\t<div data-elementor-type=\"wp-page\" data-elementor-id=\"1320\" class=\"elementor elementor-1320\">\n\t\t\t\t<div class=\"elementor-element elementor-element-93263f3 e-flex e-con-boxed e-con e-parent\" data-id=\"93263f3\" data-element_type=\"container\" data-settings=\"{&quot;background_background&quot;:&quot;classic&quot;}\">\n\t\t\t\t\t<div class=\"e-con-inner\">\n\t\t<div class=\"elementor-element elementor-element-6c32ff7 e-flex e-con-boxed e-con e-child\" data-id=\"6c32ff7\" data-element_type=\"container\">\n\t\t\t\t\t<div class=\"e-con-inner\">\n\t\t\t\t<div class=\"elementor-element elementor-element-888fcee elementor-widget elementor-widget-heading\" data-id=\"888fcee\" data-element_type=\"widget\" data-widget_type=\"heading.default\">\n\t\t\t\t<div class=\"elementor-widget-container\">\n\t\t\t\t\t<h1 class=\"elementor-heading-title elementor-size-default\">Nuestros Servicios<\/h1>\t\t\t\t<\/div>\n\t\t\t\t<\/div>\n\t\t\t\t\t<\/div>\n\t\t\t\t<\/div>\n\t\t\t\t\t<\/div>\n\t\t\t\t<\/div>\n\t\t<div class=\"elementor-element elementor-element-4cb475b e-flex e-con-boxed e-con e-parent\" data-id=\"4cb475b\" data-element_type=\"container\">\n\t\t\t\t\t<div class=\"e-con-inner\">\n\t\t<div class=\"elementor-element elementor-element-9741bfd e-con-full e-flex e-con e-child\" data-id=\"9741bfd\" data-element_type=\"container\">\n\t\t\t\t<div class=\"elementor-element elementor-element-d90ef00 elementor-widget elementor-widget-image\" data-id=\"d90ef00\" data-element_type=\"widget\" data-widget_type=\"image.default\">\n\t\t\t\t<div class=\"elementor-widget-container\">\n\t\t\t\t\t\t\t\t\t\t\t\t\t\t\t<img fetchpriority=\"high\" decoding=\"async\" width=\"2560\" height=\"1695\" src=\"https:\/\/danalytic.com\/home\/wp-content\/uploads\/2024\/01\/pexels-lukas-590045-scaled.jpg\" class=\"attachment-full size-full wp-image-1651\" alt=\"\" srcset=\"https:\/\/danalytic.com\/home\/wp-content\/uploads\/2024\/01\/pexels-lukas-590045-scaled.jpg 2560w, https:\/\/danalytic.com\/home\/wp-content\/uploads\/2024\/01\/pexels-lukas-590045-300x199.jpg 300w, https:\/\/danalytic.com\/home\/wp-content\/uploads\/2024\/01\/pexels-lukas-590045-1024x678.jpg 1024w, https:\/\/danalytic.com\/home\/wp-content\/uploads\/2024\/01\/pexels-lukas-590045-768x509.jpg 768w, https:\/\/danalytic.com\/home\/wp-content\/uploads\/2024\/01\/pexels-lukas-590045-1536x1017.jpg 1536w, https:\/\/danalytic.com\/home\/wp-content\/uploads\/2024\/01\/pexels-lukas-590045-2048x1356.jpg 2048w\" sizes=\"(max-width: 2560px) 100vw, 2560px\" \/>\t\t\t\t\t\t\t\t\t\t\t\t\t\t\t<\/div>\n\t\t\t\t<\/div>\n\t\t\t\t<\/div>\n\t\t<div class=\"elementor-element elementor-element-458f621 e-con-full e-flex e-con e-child\" data-id=\"458f621\" data-element_type=\"container\">\n\t\t\t\t<div class=\"elementor-element elementor-element-57ee7d9 elementor-widget elementor-widget-heading\" data-id=\"57ee7d9\" data-element_type=\"widget\" data-widget_type=\"heading.default\">\n\t\t\t\t<div class=\"elementor-widget-container\">\n\t\t\t\t\t<h4 class=\"elementor-heading-title elementor-size-default\">An\u00e1lisis de Datos<\/h4>\t\t\t\t<\/div>\n\t\t\t\t<\/div>\n\t\t\t\t<div class=\"elementor-element elementor-element-9dbc1b1 elementor-widget elementor-widget-text-editor\" data-id=\"9dbc1b1\" data-element_type=\"widget\" data-widget_type=\"text-editor.default\">\n\t\t\t\t<div class=\"elementor-widget-container\">\n\t\t\t\t\t\t\t\t\t<p>Elaboraci\u00f3n y redacci\u00f3n de an\u00e1lisis de datos para investigaciones cient\u00edficas en salud.Los servicios de an\u00e1lisis de datos est\u00e1n orientados a brindar respuesta a objetivos de investigaci\u00f3n planteados y presentados de forma textual, gr\u00e1fica y tabular con la aplicaci\u00f3n de m\u00e9todos an\u00e1l\u00edticos que permitan la presentaci\u00f3n de los resultados en entornos t\u00e9cnicos y cient\u00edficos.<\/p>\t\t\t\t\t\t\t\t<\/div>\n\t\t\t\t<\/div>\n\t\t\t\t<\/div>\n\t\t\t\t\t<\/div>\n\t\t\t\t<\/div>\n\t\t<div class=\"elementor-element elementor-element-f270834 e-flex e-con-boxed e-con e-parent\" data-id=\"f270834\" data-element_type=\"container\">\n\t\t\t\t\t<div class=\"e-con-inner\">\n\t\t<div class=\"elementor-element elementor-element-d82f624 e-con-full e-flex e-con e-child\" data-id=\"d82f624\" data-element_type=\"container\">\n\t\t\t\t<div class=\"elementor-element elementor-element-3b778e2 elementor-widget elementor-widget-image\" data-id=\"3b778e2\" data-element_type=\"widget\" data-widget_type=\"image.default\">\n\t\t\t\t<div class=\"elementor-widget-container\">\n\t\t\t\t\t\t\t\t\t\t\t\t\t\t\t<img decoding=\"async\" width=\"2560\" height=\"1706\" src=\"https:\/\/danalytic.com\/home\/wp-content\/uploads\/2024\/01\/pexels-fauxels-3183131-scaled.jpg\" class=\"attachment-full size-full wp-image-1747\" alt=\"\" srcset=\"https:\/\/danalytic.com\/home\/wp-content\/uploads\/2024\/01\/pexels-fauxels-3183131-scaled.jpg 2560w, https:\/\/danalytic.com\/home\/wp-content\/uploads\/2024\/01\/pexels-fauxels-3183131-300x200.jpg 300w, https:\/\/danalytic.com\/home\/wp-content\/uploads\/2024\/01\/pexels-fauxels-3183131-1024x683.jpg 1024w, https:\/\/danalytic.com\/home\/wp-content\/uploads\/2024\/01\/pexels-fauxels-3183131-768x512.jpg 768w, https:\/\/danalytic.com\/home\/wp-content\/uploads\/2024\/01\/pexels-fauxels-3183131-1536x1024.jpg 1536w, https:\/\/danalytic.com\/home\/wp-content\/uploads\/2024\/01\/pexels-fauxels-3183131-2048x1365.jpg 2048w\" sizes=\"(max-width: 2560px) 100vw, 2560px\" \/>\t\t\t\t\t\t\t\t\t\t\t\t\t\t\t<\/div>\n\t\t\t\t<\/div>\n\t\t\t\t<\/div>\n\t\t<div class=\"elementor-element elementor-element-dda9887 e-con-full e-flex e-con e-child\" data-id=\"dda9887\" data-element_type=\"container\">\n\t\t\t\t<div class=\"elementor-element elementor-element-dbd12a7 elementor-widget elementor-widget-heading\" data-id=\"dbd12a7\" data-element_type=\"widget\" data-widget_type=\"heading.default\">\n\t\t\t\t<div class=\"elementor-widget-container\">\n\t\t\t\t\t<h4 class=\"elementor-heading-title elementor-size-default\">Capacitaci\u00f3n<\/h4>\t\t\t\t<\/div>\n\t\t\t\t<\/div>\n\t\t\t\t<div class=\"elementor-element elementor-element-ed08cdd elementor-widget elementor-widget-text-editor\" data-id=\"ed08cdd\" data-element_type=\"widget\" data-widget_type=\"text-editor.default\">\n\t\t\t\t<div class=\"elementor-widget-container\">\n\t\t\t\t\t\t\t\t\t<p><span style=\"font-size: 16px; font-style: inherit; font-weight: inherit; background-color: var(--ast-global-color-5); color: var(--ast-global-color-3);\">Cursos cortos de capacitaci\u00f3n en dise\u00f1o de estudios, interpretaci\u00f3n y an\u00e1lisis de datos para investigaciones cient\u00edficas en salud.<\/span><\/p>\n<p>Los cursos tienen como objetivo empoderar a los participantes con habilidades en procesos de investigaci\u00f3n orientados al dise\u00f1o, an\u00e1lisis e interpretaci\u00f3n de datos de investigaciones en salud<\/p>\t\t\t\t\t\t\t\t<\/div>\n\t\t\t\t<\/div>\n\t\t\t\t<\/div>\n\t\t\t\t\t<\/div>\n\t\t\t\t<\/div>\n\t\t<div class=\"elementor-element elementor-element-89f0651 e-flex e-con-boxed e-con e-parent\" data-id=\"89f0651\" data-element_type=\"container\">\n\t\t\t\t\t<div class=\"e-con-inner\">\n\t\t<div class=\"elementor-element elementor-element-0d63c59 e-con-full e-flex e-con e-child\" data-id=\"0d63c59\" data-element_type=\"container\">\n\t\t\t\t<div class=\"elementor-element elementor-element-65c3c3c elementor-widget elementor-widget-image\" data-id=\"65c3c3c\" data-element_type=\"widget\" data-widget_type=\"image.default\">\n\t\t\t\t<div class=\"elementor-widget-container\">\n\t\t\t\t\t\t\t\t\t\t\t\t\t\t\t<img decoding=\"async\" width=\"2560\" height=\"1440\" src=\"https:\/\/danalytic.com\/home\/wp-content\/uploads\/2024\/01\/pexels-fauxels-3184292-1-scaled.jpg\" class=\"attachment-full size-full wp-image-1663\" alt=\"\" srcset=\"https:\/\/danalytic.com\/home\/wp-content\/uploads\/2024\/01\/pexels-fauxels-3184292-1-scaled.jpg 2560w, https:\/\/danalytic.com\/home\/wp-content\/uploads\/2024\/01\/pexels-fauxels-3184292-1-300x169.jpg 300w, https:\/\/danalytic.com\/home\/wp-content\/uploads\/2024\/01\/pexels-fauxels-3184292-1-1024x576.jpg 1024w, https:\/\/danalytic.com\/home\/wp-content\/uploads\/2024\/01\/pexels-fauxels-3184292-1-768x432.jpg 768w, https:\/\/danalytic.com\/home\/wp-content\/uploads\/2024\/01\/pexels-fauxels-3184292-1-1536x864.jpg 1536w, https:\/\/danalytic.com\/home\/wp-content\/uploads\/2024\/01\/pexels-fauxels-3184292-1-2048x1152.jpg 2048w\" sizes=\"(max-width: 2560px) 100vw, 2560px\" \/>\t\t\t\t\t\t\t\t\t\t\t\t\t\t\t<\/div>\n\t\t\t\t<\/div>\n\t\t\t\t<\/div>\n\t\t<div class=\"elementor-element elementor-element-4897024 e-con-full e-flex e-con e-child\" data-id=\"4897024\" data-element_type=\"container\">\n\t\t\t\t<div class=\"elementor-element elementor-element-6bf4288 elementor-widget elementor-widget-heading\" data-id=\"6bf4288\" data-element_type=\"widget\" data-widget_type=\"heading.default\">\n\t\t\t\t<div class=\"elementor-widget-container\">\n\t\t\t\t\t<h4 class=\"elementor-heading-title elementor-size-default\">Asesor\u00eda en Investigaci\u00f3n<\/h4>\t\t\t\t<\/div>\n\t\t\t\t<\/div>\n\t\t\t\t<div class=\"elementor-element elementor-element-2080280 elementor-widget elementor-widget-text-editor\" data-id=\"2080280\" data-element_type=\"widget\" data-widget_type=\"text-editor.default\">\n\t\t\t\t<div class=\"elementor-widget-container\">\n\t\t\t\t\t\t\t\t\t<p><span style=\"font-size: 16px;\">Evaluaci\u00f3n e interpretaci\u00f3n de publicaciones cient\u00edficas relevates para la toma de decisiones.<\/span><br style=\"font-size: 16px;\" \/><span style=\"font-size: 16px;\">Asesor\u00eda en el dise\u00f1o y redacci\u00f3n de documentos cient\u00edficos como documentos t\u00e9cnicos, protocolos de investigaci\u00f3n y manuscritos de publicaciones cient\u00edficas.<\/span><\/p>\t\t\t\t\t\t\t\t<\/div>\n\t\t\t\t<\/div>\n\t\t\t\t<\/div>\n\t\t\t\t\t<\/div>\n\t\t\t\t<\/div>\n\t\t\t\t<\/div>\n\t\t","protected":false},"excerpt":{"rendered":"<p>Nuestros Servicios An\u00e1lisis de Datos Elaboraci\u00f3n y redacci\u00f3n de an\u00e1lisis de datos para investigaciones cient\u00edficas en salud.Los servicios de an\u00e1lisis de datos est\u00e1n orientados a brindar respuesta a objetivos de investigaci\u00f3n planteados y presentados de forma textual, gr\u00e1fica y tabular con la aplicaci\u00f3n de m\u00e9todos an\u00e1l\u00edticos que permitan la presentaci\u00f3n de los resultados en entornos [&hellip;]<\/p>\n","protected":false},"author":1,"featured_media":0,"parent":0,"menu_order":0,"comment_status":"closed","ping_status":"closed","template":"","meta":{"site-sidebar-layout":"no-sidebar","site-content-layout":"page-builder","ast-site-content-layout":"","site-content-style":"default","site-sidebar-style":"default","ast-global-header-display":"","ast-banner-title-visibility":"","ast-main-header-display":"","ast-hfb-above-header-display":"","ast-hfb-below-header-display":"","ast-hfb-mobile-header-display":"","site-post-title":"disabled","ast-breadcrumbs-content":"","ast-featured-img":"disabled","footer-sml-layout":"","theme-transparent-header-meta":"enabled","adv-header-id-meta":"","stick-header-meta":"","header-above-stick-meta":"","header-main-stick-meta":"","header-below-stick-meta":"","astra-migrate-meta-layouts":"default","ast-page-background-enabled":"default","ast-page-background-meta":{"desktop":{"background-color":"var(--ast-global-color-4)","background-image":"","background-repeat":"repeat","background-position":"center center","background-size":"auto","background-attachment":"scroll","background-type":"","background-media":"","overlay-type":"","overlay-color":"","overlay-opacity":"","overlay-gradient":""},"tablet":{"background-color":"","background-image":"","background-repeat":"repeat","background-position":"center center","background-size":"auto","background-attachment":"scroll","background-type":"","background-media":"","overlay-type":"","overlay-color":"","overlay-opacity":"","overlay-gradient":""},"mobile":{"background-color":"","background-image":"","background-repeat":"repeat","background-position":"center center","background-size":"auto","background-attachment":"scroll","background-type":"","background-media":"","overlay-type":"","overlay-color":"","overlay-opacity":"","overlay-gradient":""}},"ast-content-background-meta":{"desktop":{"background-color":"var(--ast-global-color-5)","background-image":"","background-repeat":"repeat","background-position":"center center","background-size":"auto","background-attachment":"scroll","background-type":"","background-media":"","overlay-type":"","overlay-color":"","overlay-opacity":"","overlay-gradient":""},"tablet":{"background-color":"var(--ast-global-color-5)","background-image":"","background-repeat":"repeat","background-position":"center center","background-size":"auto","background-attachment":"scroll","background-type":"","background-media":"","overlay-type":"","overlay-color":"","overlay-opacity":"","overlay-gradient":""},"mobile":{"background-color":"var(--ast-global-color-5)","background-image":"","background-repeat":"repeat","background-position":"center center","background-size":"auto","background-attachment":"scroll","background-type":"","background-media":"","overlay-type":"","overlay-color":"","overlay-opacity":"","overlay-gradient":""}},"footnotes":""},"class_list":["post-1320","page","type-page","status-publish","hentry"],"_links":{"self":[{"href":"https:\/\/danalytic.com\/home\/wp-json\/wp\/v2\/pages\/1320","targetHints":{"allow":["GET"]}}],"collection":[{"href":"https:\/\/danalytic.com\/home\/wp-json\/wp\/v2\/pages"}],"about":[{"href":"https:\/\/danalytic.com\/home\/wp-json\/wp\/v2\/types\/page"}],"author":[{"embeddable":true,"href":"https:\/\/danalytic.com\/home\/wp-json\/wp\/v2\/users\/1"}],"replies":[{"embeddable":true,"href":"https:\/\/danalytic.com\/home\/wp-json\/wp\/v2\/comments?post=1320"}],"version-history":[{"count":4,"href":"https:\/\/danalytic.com\/home\/wp-json\/wp\/v2\/pages\/1320\/revisions"}],"predecessor-version":[{"id":1764,"href":"https:\/\/danalytic.com\/home\/wp-json\/wp\/v2\/pages\/1320\/revisions\/1764"}],"wp:attachment":[{"href":"https:\/\/danalytic.com\/home\/wp-json\/wp\/v2\/media?parent=1320"}],"curies":[{"name":"wp","href":"https:\/\/api.w.org\/{rel}","templated":true}]}}